{"id":66,"date":"2013-11-04T14:31:42","date_gmt":"2013-11-04T14:31:42","guid":{"rendered":"http:\/\/elektrosimanovsky.cz\/?page_id=66"},"modified":"2026-01-06T10:13:38","modified_gmt":"2026-01-06T08:13:38","slug":"66-2","status":"publish","type":"page","link":"http:\/\/elektrosimanovsky.cz\/","title":{"rendered":"Home"},"content":{"rendered":"<p>&nbsp;<\/p>\n<table style=\"height: 243px;\" width=\"573\">\n<tbody>\n<tr>\n<td><a href=\"http:\/\/elektrosimanovsky.cz\/wp-content\/uploads\/parking.png\" class=\"grouped_elements\" rel=\"tc-fancybox-group66\" title=\"Home\"><img loading=\"lazy\" class=\"alignnone  wp-image-1582\" src=\"http:\/\/elektrosimanovsky.cz\/wp-content\/uploads\/parking.png\" alt=\"\" width=\"73\" height=\"73\"><\/a><\/td>\n<td>Parkov\u00e1n\u00ed p\u0159ed prodejnou<\/td>\n<td>&nbsp;<\/td>\n<td><a href=\"http:\/\/elektrosimanovsky.cz\/wp-content\/uploads\/transit.png\" class=\"grouped_elements\" rel=\"tc-fancybox-group66\" title=\"Home\"><img loading=\"lazy\" class=\"alignnone  wp-image-1588\" src=\"http:\/\/elektrosimanovsky.cz\/wp-content\/uploads\/transit.png\" alt=\"\" width=\"65\" height=\"65\"><\/a><\/td>\n<td>Po Kl\u00e1\u0161terci rozvoz zdarma<\/td>\n<\/tr>\n<tr>\n<td><a href=\"http:\/\/elektrosimanovsky.cz\/wp-content\/uploads\/zarucni-servis.png\" class=\"grouped_elements\" rel=\"tc-fancybox-group66\" title=\"Home\"><img loading=\"lazy\" class=\"alignnone size-full wp-image-1590\" src=\"http:\/\/elektrosimanovsky.cz\/wp-content\/uploads\/zarucni-servis.png\" alt=\"\" width=\"128\" height=\"128\"><\/a><\/td>\n<td>Zaji\u0161t\u011bn\u00ed z\u00e1ru\u010dn\u00edho servisu<\/td>\n<td>&nbsp;<\/td>\n<td><a href=\"http:\/\/elektrosimanovsky.cz\/wp-content\/uploads\/splatky-1.png\" class=\"grouped_elements\" rel=\"tc-fancybox-group66\" title=\"Home\"><img loading=\"lazy\" class=\"alignnone size-full wp-image-1587\" src=\"http:\/\/elektrosimanovsky.cz\/wp-content\/uploads\/splatky-1.png\" alt=\"\" width=\"128\" height=\"128\"><\/a><\/td>\n<td>Prodej na spl\u00e1tky<\/td>\n<\/tr>\n<tr>\n<td><a href=\"http:\/\/elektrosimanovsky.cz\/wp-content\/uploads\/likvidace.png\" class=\"grouped_elements\" rel=\"tc-fancybox-group66\" title=\"Home\"><img loading=\"lazy\" class=\"alignnone size-full wp-image-1581\" src=\"http:\/\/elektrosimanovsky.cz\/wp-content\/uploads\/likvidace.png\" alt=\"\" width=\"128\" height=\"128\"><\/a><\/td>\n<td>Odvoz star\u00e9ho spot\u0159ebi\u010de<\/td>\n<td>&nbsp;<\/td>\n<td><a href=\"http:\/\/elektrosimanovsky.cz\/wp-content\/uploads\/vip.png\" class=\"grouped_elements\" rel=\"tc-fancybox-group66\" title=\"Home\"><img loading=\"lazy\" class=\"alignnone size-full wp-image-1589\" src=\"http:\/\/elektrosimanovsky.cz\/wp-content\/uploads\/vip.png\" alt=\"\" width=\"128\" height=\"128\"><\/a><\/td>\n<td>Platebn\u00ed a v\u011brnostn\u00ed karty<\/td>\n<\/tr>\n<tr>\n<td><a href=\"http:\/\/elektrosimanovsky.cz\/wp-content\/uploads\/profik.png\" class=\"grouped_elements\" rel=\"tc-fancybox-group66\" title=\"Home\"><img loading=\"lazy\" class=\"alignnone size-full wp-image-1583\" src=\"http:\/\/elektrosimanovsky.cz\/wp-content\/uploads\/profik.png\" alt=\"\" width=\"128\" height=\"128\"><\/a><\/td>\n<td>Profesion\u00e1ln\u00ed p\u0159\u00edstup<\/td>\n<td>&nbsp;<\/td>\n<td><a href=\"http:\/\/elektrosimanovsky.cz\/wp-content\/uploads\/instalace.png\" class=\"grouped_elements\" rel=\"tc-fancybox-group66\" title=\"Home\"><img loading=\"lazy\" class=\"alignnone size-full wp-image-1580\" src=\"http:\/\/elektrosimanovsky.cz\/wp-content\/uploads\/instalace.png\" alt=\"\" width=\"128\" height=\"128\"><\/a><\/td>\n<td>Z\u00e1kladn\u00ed zapojen\u00ed<\/td>\n<\/tr>\n<tr>\n<td><a href=\"http:\/\/elektrosimanovsky.cz\/wp-content\/uploads\/sleva.png\" class=\"grouped_elements\" rel=\"tc-fancybox-group66\" title=\"Home\"><img loading=\"lazy\" class=\"alignnone size-full wp-image-1585\" src=\"http:\/\/elektrosimanovsky.cz\/wp-content\/uploads\/sleva.png\" alt=\"\" width=\"128\" height=\"128\"><\/a><\/td>\n<td>N\u00edzk\u00e9 ceny a Ak\u010dn\u00ed nab\u00eddky<\/td>\n<td>&nbsp;<\/td>\n<td><a href=\"http:\/\/elektrosimanovsky.cz\/wp-content\/uploads\/darek.png\" class=\"grouped_elements\" rel=\"tc-fancybox-group66\" title=\"Home\"><img loading=\"lazy\" class=\"alignnone size-full wp-image-1579\" src=\"http:\/\/elektrosimanovsky.cz\/wp-content\/uploads\/darek.png\" alt=\"\" width=\"128\" height=\"128\"><\/a><\/td>\n<td>D\u00e1rkov\u00e9 poukazy<\/td>\n<\/tr>\n<tr>\n<td><img src=\"http:\/\/elektrosimanovsky.cz\/wp-content\/uploads\/charity.png\" alt=\"\" width=\"64px\"><\/td>\n<td>P\u0159isp\u00edv\u00e1me na dobro\u010dinn\u00e9 \u00fa\u010dely<\/td>\n<td>&nbsp;<\/td>\n<td><img src=\"http:\/\/elektrosimanovsky.cz\/wp-content\/uploads\/green_planet3.png\" alt=\"\" width=\"64px\"><\/td>\n<td>Sb\u011brn\u00e9 m\u00edsto elektroodpadu<\/td>\n<\/tr>\n<\/tbody>\n<\/table>\n<p>&nbsp;<\/p>\n","protected":false},"excerpt":{"rendered":"<p>&nbsp; Parkov\u00e1n\u00ed p\u0159ed prodejnou &nbsp; Po Kl\u00e1\u0161terci rozvoz zdarma Zaji\u0161t\u011bn\u00ed z\u00e1ru\u010dn\u00edho servisu &nbsp; Prodej na spl\u00e1tky Odvoz star\u00e9ho spot\u0159ebi\u010de &nbsp; Platebn\u00ed a v\u011brnostn\u00ed karty Profesion\u00e1ln\u00ed p\u0159\u00edstup &nbsp; Z\u00e1kladn\u00ed zapojen\u00ed N\u00edzk\u00e9 ceny a Ak\u010dn\u00ed nab\u00eddky &nbsp; D\u00e1rkov\u00e9 poukazy P\u0159isp\u00edv\u00e1me na dobro\u010dinn\u00e9 \u00fa\u010dely &nbsp; Sb\u011brn\u00e9 m\u00edsto elektroodpadu &nbsp;<\/p>\n","protected":false},"author":4,"featured_media":0,"parent":0,"menu_order":0,"comment_status":"open","ping_status":"open","template":"","meta":{"ngg_post_thumbnail":0},"_links":{"self":[{"href":"http:\/\/elektrosimanovsky.cz\/index.php?rest_route=\/wp\/v2\/pages\/66"}],"collection":[{"href":"http:\/\/elektrosimanovsky.cz\/index.php?rest_route=\/wp\/v2\/pages"}],"about":[{"href":"http:\/\/elektrosimanovsky.cz\/index.php?rest_route=\/wp\/v2\/types\/page"}],"author":[{"embeddable":true,"href":"http:\/\/elektrosimanovsky.cz\/index.php?rest_route=\/wp\/v2\/users\/4"}],"replies":[{"embeddable":true,"href":"http:\/\/elektrosimanovsky.cz\/index.php?rest_route=%2Fwp%2Fv2%2Fcomments&post=66"}],"version-history":[{"count":132,"href":"http:\/\/elektrosimanovsky.cz\/index.php?rest_route=\/wp\/v2\/pages\/66\/revisions"}],"predecessor-version":[{"id":1799,"href":"http:\/\/elektrosimanovsky.cz\/index.php?rest_route=\/wp\/v2\/pages\/66\/revisions\/1799"}],"wp:attachment":[{"href":"http:\/\/elektrosimanovsky.cz\/index.php?rest_route=%2Fwp%2Fv2%2Fmedia&parent=66"}],"curies":[{"name":"wp","href":"https:\/\/api.w.org\/{rel}","templated":true}]}}