{"id":85,"date":"2013-11-04T14:55:27","date_gmt":"2013-11-04T14:55:27","guid":{"rendered":"http:\/\/elektrosimanovsky.cz\/?page_id=85"},"modified":"2013-12-13T10:09:38","modified_gmt":"2013-12-13T10:09:38","slug":"kontakty","status":"publish","type":"page","link":"http:\/\/elektrosimanovsky.cz\/?page_id=85","title":{"rendered":"Kontakty"},"content":{"rendered":"<div align=\"center\">\n<iframe loading=\"lazy\" src=\"https:\/\/maps.google.com\/maps?f=q&amp;source=s_q&amp;hl=cs&amp;geocode=&amp;q=Elektro+%C5%A0imanovsk%C3%BD,+Sadov%C3%A1,+Kl%C3%A1%C5%A1terec+nad+Oh%C5%99%C3%AD,+%C4%8Cesk%C3%A1+republika&amp;aq=0&amp;oq=elektro+%C5%A1imanovsk%C3%BD&amp;sll=37.0625,-95.677068&amp;sspn=71.437709,135.263672&amp;t=m&amp;ie=UTF8&amp;hq=Elektro+%C5%A0imanovsk%C3%BD,&amp;hnear=Sadov%C3%A1,+Kl%C3%A1%C5%A1terec+nad+Oh%C5%99%C3%AD,+%C4%8Cesk%C3%A1+republika&amp;cid=662549805576634816&amp;ll=50.388575,13.176062&amp;spn=0.002736,0.004302&amp;z=17&amp;iwloc=A&amp;output=embed\" height=\"400\" width=\"400\" frameborder=\"0\" marginwidth=\"0\" align=\"center\" marginheight=\"0\" scrolling=\"no\"><\/iframe><br \/>\n<small><a style=\"color: #0000ff; text-align: left;\" href=\"https:\/\/maps.google.com\/maps?f=q&amp;source=embed&amp;hl=cs&amp;geocode=&amp;q=Elektro+%C5%A0imanovsk%C3%BD,+Sadov%C3%A1,+Kl%C3%A1%C5%A1terec+nad+Oh%C5%99%C3%AD,+%C4%8Cesk%C3%A1+republika&amp;aq=0&amp;oq=elektro+%C5%A1imanovsk%C3%BD&amp;sll=37.0625,-95.677068&amp;sspn=71.437709,135.263672&amp;t=m&amp;ie=UTF8&amp;hq=Elektro+%C5%A0imanovsk%C3%BD,&amp;hnear=Sadov%C3%A1,+Kl%C3%A1%C5%A1terec+nad+Oh%C5%99%C3%AD,+%C4%8Cesk%C3%A1+republika&amp;cid=662549805576634816&amp;ll=50.388575,13.176062&amp;spn=0.002736,0.004302&amp;z=17&amp;iwloc=A\">Zv\u011bt\u0161it mapu<\/a><\/small><\/div>\n<p style=\"text-align: center;\"><strong>Elektro \u0160imanovsk\u00fd<br \/>\n<\/strong>Sadov\u00e1 408<strong><br \/>\n<\/strong>Kl\u00e1\u0161terec nad Oh\u0159\u00ed<br \/>\n431 51<\/p>\n<p style=\"text-align: center;\">email: <strong>prodejna@elektrosimanovsky.cz<\/strong><br \/>\ntel: <strong>+420 474 376 042<\/strong><\/p>\n<p style=\"text-align: center;\">Kontaktovat n\u00e1s m\u016f\u017eete tak\u00e9 na n\u00e1sleduj\u00edc\u00edch soci\u00e1ln\u00edch s\u00edt\u00edch:<\/p>\n<p style=\"text-align: center;\"><a href=\"https:\/\/www.facebook.com\/pages\/Elektro-%C5%A0imanovsk%C3%BD\/518722984810959?ref=hl\" target=\"_blank\"><strong>Facebook<\/strong><\/a><\/p>\n<p style=\"text-align: center;\"><a href=\"https:\/\/plus.google.com\/117924095521209265158\/about\" target=\"_blank\"><strong>Google+<\/strong><\/a><\/p>\n","protected":false},"excerpt":{"rendered":"<p>Zv\u011bt\u0161it mapu Elektro \u0160imanovsk\u00fd Sadov\u00e1 408 Kl\u00e1\u0161terec nad Oh\u0159\u00ed 431 51 email: prodejna@elektrosimanovsky.cz tel: +420 474 376 042 Kontaktovat n\u00e1s m\u016f\u017eete tak\u00e9 na n\u00e1sleduj\u00edc\u00edch soci\u00e1ln\u00edch s\u00edt\u00edch: Facebook Google+<\/p>\n","protected":false},"author":4,"featured_media":0,"parent":0,"menu_order":0,"comment_status":"open","ping_status":"open","template":"","meta":{"ngg_post_thumbnail":0},"_links":{"self":[{"href":"http:\/\/elektrosimanovsky.cz\/index.php?rest_route=\/wp\/v2\/pages\/85"}],"collection":[{"href":"http:\/\/elektrosimanovsky.cz\/index.php?rest_route=\/wp\/v2\/pages"}],"about":[{"href":"http:\/\/elektrosimanovsky.cz\/index.php?rest_route=\/wp\/v2\/types\/page"}],"author":[{"embeddable":true,"href":"http:\/\/elektrosimanovsky.cz\/index.php?rest_route=\/wp\/v2\/users\/4"}],"replies":[{"embeddable":true,"href":"http:\/\/elektrosimanovsky.cz\/index.php?rest_route=%2Fwp%2Fv2%2Fcomments&post=85"}],"version-history":[{"count":9,"href":"http:\/\/elektrosimanovsky.cz\/index.php?rest_route=\/wp\/v2\/pages\/85\/revisions"}],"predecessor-version":[{"id":360,"href":"http:\/\/elektrosimanovsky.cz\/index.php?rest_route=\/wp\/v2\/pages\/85\/revisions\/360"}],"wp:attachment":[{"href":"http:\/\/elektrosimanovsky.cz\/index.php?rest_route=%2Fwp%2Fv2%2Fmedia&parent=85"}],"curies":[{"name":"wp","href":"https:\/\/api.w.org\/{rel}","templated":true}]}}